{"id":11,"date":"2024-04-12T13:43:14","date_gmt":"2024-04-12T11:43:14","guid":{"rendered":"https:\/\/www.stamm-werk.at\/shop\/?page_id=11"},"modified":"2026-04-18T11:43:18","modified_gmt":"2026-04-18T09:43:18","slug":"impressum","status":"publish","type":"page","link":"https:\/\/www.stamm-werk.at\/shop\/?page_id=11","title":{"rendered":"Impressum"},"content":{"rendered":"<h2><strong>Stammwerk e.U.<\/strong><\/h2>\n\n\n<p>Wegscheidstra\u00dfe 25<br>5423 St. Koloman<\/p>\n\n\n\n<p>Medieninhaber: Stammwerk e. U., Wegscheidstra\u00dfe 25, 5423 St. Koloman<\/p>\n\n\n\n<p>Web: www.stamm-werk.at<br>E-Mail: office@stamm-werk.at<br>Tel.: +43 0676 8246\/8346<br><\/p>\n\n\n\n<p>Rechtsform: Einzelunternehmen<br>Zust\u00e4ndige Ausichtsbeh\u00f6rde: Bezirkshauptmannschaft Hallein<br>Firmensitz: Wegscheidstra\u00dfe 25, 5423 St. Koloman<br>Firmenbuchgericht: Landesgericht Salzburg<br>Firmenbuchnummer: FN 628555 x<\/p>\n\n\n\n<p>Unternehmensgegenstand: Der Gegenstand des Unternehmens sind: Tischler (verbunden mit Modellbau, Bootsbau, Binder, Drechsler und Bildhauer)<\/p>\n\n\n\n<p>Mitgliedschaften: Wirtschaftskammer Salzburg<\/p>\n\n\n\n<p><a href=\"https:\/\/firmen.wko.at\/stammwerk-eu-tischler\/salzburg\/?firmaid=7ea5a165-a2b7-4cbf-84ad-463f22241b43\" data-type=\"link\" data-id=\"https:\/\/firmen.wko.at\/stammwerk-eu-tischler\/salzburg\/?firmaid=7ea5a165-a2b7-4cbf-84ad-463f22241b43&amp;suchbegriff=stammwerk\">INFORMATIONSPFLICHT LT. ECG<\/a><br>Anwendbares Berufsrecht:<br>Gewerbeordnung 1994 (GewO)<br>Unternehmensgesetzbuch (UGB)<br>alle einsehbar unter: www.ris.bka.gv.at<\/p>\n\n\n\n<p>Die f\u00fcr uns zust\u00e4ndige Alternative-Streitbeilegung-Stelle gem\u00e4\u00df \u00a7 19 AStG ist die Schlichtungsstelle \u201eSchlichtung f\u00fcr Verbrauchergesch\u00e4fte\u201c (www.verbraucherschlichtung.or.at).<\/p>\n\n\n\n<p>Ob wir uns einem derartigen, au\u00dfergerichtlichen Streitbeilegungsverfahren anschlie\u00dfen, wird anhand des konkreten Einzelfalles entschieden.<\/p>\n","protected":false},"excerpt":{"rendered":"<p>Stammwerk e.U. Wegscheidstra\u00dfe 255423 St. Koloman Medieninhaber: Stammwerk e. U., Wegscheidstra\u00dfe 25, 5423 St. Koloman Web: www.stamm-werk.atE-Mail: office@stamm-werk.atTel.: +43 0676 8246\/8346 Rechtsform: EinzelunternehmenZust\u00e4ndige Ausichtsbeh\u00f6rde: Bezirkshauptmannschaft HalleinFirmensitz: Wegscheidstra\u00dfe 25, 5423 St. KolomanFirmenbuchgericht: Landesgericht SalzburgFirmenbuchnummer: FN 628555 x Unternehmensgegenstand: Der Gegenstand des Unternehmens sind: Tischler (verbunden mit Modellbau, Bootsbau, Binder, Drechsler und Bildhauer) Mitgliedschaften: Wirtschaftskammer Salzburg INFORMATIONSPFLICHT [&hellip;]<\/p>\n","protected":false},"author":1,"featured_media":0,"parent":0,"menu_order":0,"comment_status":"closed","ping_status":"closed","template":"","meta":{"footnotes":""},"class_list":["post-11","page","type-page","status-publish","hentry"],"_links":{"self":[{"href":"https:\/\/www.stamm-werk.at\/shop\/index.php?rest_route=\/wp\/v2\/pages\/11","targetHints":{"allow":["GET"]}}],"collection":[{"href":"https:\/\/www.stamm-werk.at\/shop\/index.php?rest_route=\/wp\/v2\/pages"}],"about":[{"href":"https:\/\/www.stamm-werk.at\/shop\/index.php?rest_route=\/wp\/v2\/types\/page"}],"author":[{"embeddable":true,"href":"https:\/\/www.stamm-werk.at\/shop\/index.php?rest_route=\/wp\/v2\/users\/1"}],"replies":[{"embeddable":true,"href":"https:\/\/www.stamm-werk.at\/shop\/index.php?rest_route=%2Fwp%2Fv2%2Fcomments&post=11"}],"version-history":[{"count":1,"href":"https:\/\/www.stamm-werk.at\/shop\/index.php?rest_route=\/wp\/v2\/pages\/11\/revisions"}],"predecessor-version":[{"id":301,"href":"https:\/\/www.stamm-werk.at\/shop\/index.php?rest_route=\/wp\/v2\/pages\/11\/revisions\/301"}],"wp:attachment":[{"href":"https:\/\/www.stamm-werk.at\/shop\/index.php?rest_route=%2Fwp%2Fv2%2Fmedia&parent=11"}],"curies":[{"name":"wp","href":"https:\/\/api.w.org\/{rel}","templated":true}]}}