{"id":13,"date":"2024-04-12T13:43:14","date_gmt":"2024-04-12T11:43:14","guid":{"rendered":"https:\/\/www.stamm-werk.at\/shop\/?page_id=13"},"modified":"2024-04-12T17:14:00","modified_gmt":"2024-04-12T15:14:00","slug":"agb","status":"publish","type":"page","link":"https:\/\/www.stamm-werk.at\/shop\/?page_id=13","title":{"rendered":"AGB"},"content":{"rendered":"\n<p><strong>Allgemeine Gesch\u00e4ftsbedingungen (AGB) f\u00fcr den Onlineshop Stammwerk e. U.<\/strong><\/p>\n\n\n\n<p><strong>Adresse:<\/strong> Wegscheidstra\u00dfe 25, 5423 Sankt Koloman, \u00d6sterreich<br><strong>Telefon:<\/strong> +4367682468346<br><strong>E-Mail:<\/strong> office@stamm-werk.at<\/p>\n\n\n\n<h3 class=\"wp-block-heading\">\u00a71 Geltungsbereich<\/h3>\n\n\n\n<p>Diese Allgemeinen Gesch\u00e4ftsbedingungen regeln das Vertragsverh\u00e4ltnis zwischen Stammwerk e. U. und den Kunden, die \u00fcber den Online-Shop Waren erwerben. Sie gelten f\u00fcr alle unsere Gesch\u00e4ftsbeziehungen mit unseren Kunden, sowohl Verbrauchern als auch Unternehmern.<\/p>\n\n\n\n<h3 class=\"wp-block-heading\">\u00a72 Vertragsschluss<\/h3>\n\n\n\n<p>Der Kaufvertrag kommt zustande mit der ausdr\u00fccklichen Annahme der Bestellung durch uns oder durch die Lieferung der bestellten Ware. Mit dem Einstellen der Produkte in den Online-Shop geben wir ein verbindliches Angebot zum Vertragsschluss \u00fcber diese Artikel ab. Sie k\u00f6nnen unsere Produkte zun\u00e4chst unverbindlich in den Warenkorb legen und Ihre Eingaben vor Absenden Ihrer verbindlichen Bestellung jederzeit korrigieren.<\/p>\n\n\n\n<h3 class=\"wp-block-heading\">\u00a73 Datenschutz<\/h3>\n\n\n\n<p>Der Schutz Ihrer pers\u00f6nlichen Daten ist uns sehr wichtig. Alle personenbezogenen Daten werden vertraulich und gem\u00e4\u00df den gesetzlichen Datenschutzvorschriften sowie unserer Datenschutzerkl\u00e4rung behandelt.<\/p>\n\n\n\n<ul class=\"wp-block-list\">\n<li><strong>Cookies und Tracking-Tools:<\/strong> Wir verwenden Cookies, um den Besuch unserer Website attraktiv zu gestalten und die Nutzung bestimmter Funktionen zu erm\u00f6glichen. Bei der Nutzung unserer Website werden auch Tools zur Verhaltensanalyse wie Google Analytics eingesetzt, um unsere Dienste zu optimieren.<\/li>\n\n\n\n<li><strong>Social Media und Plugins:<\/strong> Wir integrieren Plugins und Schaltfl\u00e4chen sozialer Netzwerke (z.B. Facebook, Twitter, Instagram), die es erm\u00f6glichen, Inhalte in sozialen Netzwerken zu teilen. Wenn Sie diese Plugins nutzen, k\u00f6nnen Daten an die Anbieter der sozialen Netzwerke gesendet werden.<\/li>\n<\/ul>\n\n\n\n<h3 class=\"wp-block-heading\">\u00a74 Preise und Zahlungsbedingungen<\/h3>\n\n\n\n<p>Die angegebenen Preise enthalten die gesetzliche Mehrwertsteuer und andere Preisbestandteile. Zus\u00e4tzlich zu den angegebenen Produktpreisen kommen noch Versandkosten hinzu. Die verf\u00fcgbaren Zahlungsmethoden sind unter anderem Vorkasse, Kreditkarte und PayPal.<\/p>\n\n\n\n<h3 class=\"wp-block-heading\">\u00a75 Lieferung und Versandbedingungen<\/h3>\n\n\n\n<p>Wir liefern die Ware gem\u00e4\u00df den w\u00e4hrend des Bestellvorgangs vereinbarten und auf der Produktseite angegebenen Lieferzeiten. Sollte die Zustellung der Ware durch Verschulden des Spediteurs nicht m\u00f6glich sein, geraten wir nicht in Verzug.<\/p>\n\n\n\n<h3 class=\"wp-block-heading\">\u00a76 Widerrufsrecht<\/h3>\n\n\n\n<p>Sie haben das Recht, binnen vierzehn Tagen ohne Angabe von Gr\u00fcnden den Vertrag zu widerrufen. Die Widerrufsfrist beginnt nach Erhalt der Ware durch den K\u00e4ufer oder einen vorab benannten Dritten. Die genauen Bedingungen und Folgen des Widerrufs werden in einer gesonderten Widerrufserkl\u00e4rung dargelegt.<\/p>\n\n\n\n<h3 class=\"wp-block-heading\">\u00a77 M\u00e4ngelhaftung<\/h3>\n\n\n\n<p>F\u00fcr alle w\u00e4hrend der gesetzlichen Gew\u00e4hrleistungsfrist auftretenden M\u00e4ngel der Kaufsache gelten die gesetzlichen Bestimmungen \u00fcber die M\u00e4ngelhaftung.<\/p>\n\n\n\n<h3 class=\"wp-block-heading\">\u00a78 Schlussbestimmungen<\/h3>\n\n\n\n<p>Sollten einzelne Bestimmungen dieses Vertrages unwirksam sein oder werden, bleibt dadurch die Wirksamkeit des Vertrages im \u00dcbrigen unber\u00fchrt. Anstelle der unwirksamen Bestimmung gelten die gesetzlichen Vorschriften.<\/p>\n","protected":false},"excerpt":{"rendered":"<p>Allgemeine Gesch\u00e4ftsbedingungen (AGB) f\u00fcr den Onlineshop Stammwerk e. U. Adresse: Wegscheidstra\u00dfe 25, 5423 Sankt Koloman, \u00d6sterreichTelefon: +4367682468346E-Mail: office@stamm-werk.at \u00a71 Geltungsbereich Diese Allgemeinen Gesch\u00e4ftsbedingungen regeln das Vertragsverh\u00e4ltnis zwischen Stammwerk e. U. und den Kunden, die \u00fcber den Online-Shop Waren erwerben. Sie gelten f\u00fcr alle unsere Gesch\u00e4ftsbeziehungen mit unseren Kunden, sowohl Verbrauchern als auch Unternehmern. \u00a72 Vertragsschluss [&hellip;]<\/p>\n","protected":false},"author":1,"featured_media":0,"parent":0,"menu_order":0,"comment_status":"closed","ping_status":"closed","template":"","meta":{"footnotes":""},"class_list":["post-13","page","type-page","status-publish","hentry"],"_links":{"self":[{"href":"https:\/\/www.stamm-werk.at\/shop\/index.php?rest_route=\/wp\/v2\/pages\/13","targetHints":{"allow":["GET"]}}],"collection":[{"href":"https:\/\/www.stamm-werk.at\/shop\/index.php?rest_route=\/wp\/v2\/pages"}],"about":[{"href":"https:\/\/www.stamm-werk.at\/shop\/index.php?rest_route=\/wp\/v2\/types\/page"}],"author":[{"embeddable":true,"href":"https:\/\/www.stamm-werk.at\/shop\/index.php?rest_route=\/wp\/v2\/users\/1"}],"replies":[{"embeddable":true,"href":"https:\/\/www.stamm-werk.at\/shop\/index.php?rest_route=%2Fwp%2Fv2%2Fcomments&post=13"}],"version-history":[{"count":0,"href":"https:\/\/www.stamm-werk.at\/shop\/index.php?rest_route=\/wp\/v2\/pages\/13\/revisions"}],"wp:attachment":[{"href":"https:\/\/www.stamm-werk.at\/shop\/index.php?rest_route=%2Fwp%2Fv2%2Fmedia&parent=13"}],"curies":[{"name":"wp","href":"https:\/\/api.w.org\/{rel}","templated":true}]}}