{"id":14,"date":"2024-04-12T13:43:14","date_gmt":"2024-04-12T11:43:14","guid":{"rendered":"https:\/\/www.stamm-werk.at\/shop\/?page_id=14"},"modified":"2024-07-24T17:11:55","modified_gmt":"2024-07-24T15:11:55","slug":"widerrufsbelehrung","status":"publish","type":"page","link":"https:\/\/www.stamm-werk.at\/shop\/?page_id=14","title":{"rendered":"Widerrufsbelehrung"},"content":{"rendered":"\n<p><strong>R\u00fccktrittsbelehrung &amp; R\u00fccktritts(Widerrufs-)formular<\/strong><\/p>\n\n\n\n<p>Verbrauchern mit Wohnsitz in der EU steht im Fernabsatz ein R\u00fccktrittsrecht nach folgender Ma\u00dfgabe zu, wobei Verbraucher jede nat\u00fcrliche Person ist, die ein Gesch\u00e4ft t\u00e4tigt, das nicht zum Betrieb ihres Unternehmens geh\u00f6rt.<\/p>\n\n\n\n<p><strong>A. R\u00fccktrittsbelehrung<\/strong><\/p>\n\n\n\n<p><strong>R\u00fccktrittsrecht<\/strong><\/p>\n\n\n\n<p>Sie haben das Recht, binnen vierzehn Tagen ohne Angabe von Gr\u00fcnden vom Vertrag zur\u00fcckzutreten&nbsp;<\/p>\n\n\n\n<p>Die R\u00fccktrittsfrist betr\u00e4gt vierzehn Tage und beginnt beim Kauf von Waren und sonstigen auf den entgeltlichen Erwerb einer Ware gerichteten Vertr\u00e4gen ab dem Tag, an dem Sie oder ein von Ihnen benannter Dritter, der nicht der Bef\u00f6rderer ist, die Ware, bei Teillieferungen die letzte Ware, in Besitz genommen haben bzw. hat.<\/p>\n\n\n\n<p>F\u00fcr die Bestellung von reinen Dienstleistungen wie Planung, Vermessung und Beratung gilt folgendes:<\/p>\n\n\n\n<p>Sie k\u00f6nnen innerhalb von 14 Tagen ohne Angabe von Gr\u00fcnden in Textform (z.B. Brief, Fax, E-Mail) vom Vertrag zur\u00fccktreten. Die Frist beginnt ab Vertragsschluss.<\/p>\n\n\n\n<p>Um Ihr R\u00fccktrittsrecht auszu\u00fcben, m\u00fcssen Sie&nbsp;<\/p>\n\n\n\n<p>Stammwerk e. U.<\/p>\n\n\n\n<p>Wegscheidstra\u00dfe 25<\/p>\n\n\n\n<p>5423 St. Koloman<\/p>\n\n\n\n<p><a href=\"mailto:office@stamm-werk.at\">office@stamm-werk.at<\/a><\/p>\n\n\n\n<p>+4367682468346<\/p>\n\n\n\n<p>mittels einer eindeutigen Erkl\u00e4rung (z. B. ein mit der Post versandter Brief oder E-Mail) \u00fcber Ihren Entschluss, vom Vertrag zur\u00fcckzutreten, informieren. Sie k\u00f6nnen daf\u00fcr das beigef\u00fcgte Muster-R\u00fccktrittsformular verwenden, das jedoch nicht vorgeschrieben ist.<\/p>\n\n\n\n<p>Zur Wahrung der R\u00fccktrittsfrist reicht es aus, dass Sie die Mitteilung \u00fcber die Aus\u00fcbung des R\u00fccktrittsrechts vor Ablauf der R\u00fccktrittsfrist absenden.<\/p>\n\n\n\n<p><strong>Folgen des R\u00fccktritts<\/strong><\/p>\n\n\n\n<p>Wenn Sie von diesem Vertrag zur\u00fccktreten, haben wir Ihnen alle Zahlungen, die wir von Ihnen erhalten haben, einschlie\u00dflich der Lieferkosten (mit Ausnahme der zus\u00e4tzlichen Kosten, die sich daraus ergeben, dass Sie eine andere Art der Lieferung als die von uns angebotene, g\u00fcnstigste Standardlieferung gew\u00e4hlt haben), unverz\u00fcglich und sp\u00e4testens binnen vierzehn Tagen ab dem Tag zur\u00fcckzuzahlen, an dem die Mitteilung \u00fcber Ihren R\u00fccktritt dieses Vertrags bei uns eingegangen ist. F\u00fcr diese R\u00fcckzahlung verwenden wir dasselbe Zahlungsmittel, welches Sie bei der urspr\u00fcnglichen Transaktion eingesetzt haben, es sei denn, mit Ihnen wurde ausdr\u00fccklich etwas anderes vereinbart.<\/p>\n\n\n\n<p>In keinem Fall werden Ihnen wegen dieser R\u00fcckzahlung Entgelte berechnet. Wir k\u00f6nnen die R\u00fcckzahlung verweigern, bis wir die Waren wieder zur\u00fcckerhalten haben oder bis Sie den Nachweis erbracht haben, dass Sie die Waren zur\u00fcckgesandt haben, je nachdem, welches der fr\u00fchere Zeitpunkt ist.<\/p>\n\n\n\n<p>Sie haben die Waren unverz\u00fcglich und in jedem Fall sp\u00e4testens binnen vierzehn Tagen ab dem Tag, an dem Sie uns \u00fcber den R\u00fccktritt dieses Vertrags unterrichten, an uns zur\u00fcckzusenden oder zu \u00fcbergeben. Die Frist ist gewahrt, wenn Sie die Waren vor Ablauf der Frist von vierzehn Tagen absenden.<\/p>\n\n\n\n<p>Sie tragen die unmittelbaren Kosten der R\u00fccksendung der Waren. Hingegen bei Waren, die wegen ihrer Beschaffenheit \u00fcblicherweise nicht auf dem Postweg an uns zur\u00fcckgesandt werden k\u00f6nnen (Speditionswaren) haben wir die Waren auf eigene Kosten abzuholen.&nbsp;<\/p>\n\n\n\n<p>Sie m\u00fcssen f\u00fcr einen etwaigen Wertverlust der Waren nur aufkommen, wenn dieser Wertverlust auf einen zur Pr\u00fcfung der Beschaffenheit, Eigenschaften und Funktionsweise der Waren nicht notwendigen Umgang mit ihnen zur\u00fcckzuf\u00fchren ist.<\/p>\n\n\n\n<p><strong>Ausschluss bzw. vorzeitiges Erl\u00f6schen des R\u00fccktrittsrechts<\/strong><\/p>\n\n\n\n<p>Das R\u00fccktrittsrecht besteht nicht bei Konsumenten, die keinen Wohnsitz in der EU haben.&nbsp;<\/p>\n\n\n\n<p>Sie haben auch kein R\u00fccktrittsrecht bei Vertr\u00e4gen, die au\u00dferhalb von Gesch\u00e4ftsr\u00e4umen geschlossen werden und bei denen das von Ihnen zu zahlende Entgelt den Betrag von 50&nbsp;Euro nicht \u00fcberschreitet.<\/p>\n\n\n\n<p>Das R\u00fccktrittsrecht besteht ferner nicht bei Waren, die nach Kundenspezifikationen angefertigt werden oder eindeutig auf die pers\u00f6nlichen Bed\u00fcrfnisse zugeschnitten sind.<\/p>\n\n\n\n<p>Das R\u00fccktrittsrecht besteht ferner nicht bei Dienstleistungen, wenn der Unternehmer aufgrund eines ausdr\u00fccklichen Verlangens des Verbrauchers noch vor Ablauf der R\u00fccktrittsfrist mit der Vertragserf\u00fcllung begonnen hat und wenn der Verbraucher&nbsp;<\/p>\n\n\n\n<ol class=\"wp-block-list\">\n<li>entweder vor Beginn der Dienstleistungserbringung best\u00e4tigt hat, zur Kenntnis genommen zu haben, dass er sein R\u00fccktrittsrecht mit vollst\u00e4ndiger Vertragserf\u00fcllung verliert, oder\u00a0<\/li>\n\n\n\n<li>den Unternehmer ausdr\u00fccklich zu einem Besuch aufgefordert hat, um Reparaturarbeiten vornehmen zu lassen.<\/li>\n<\/ol>\n\n\n\n<p>Tritt der Verbraucher von einem Vertrag \u00fcber Dienstleistungen zur\u00fcck, nachdem er durch seine Bestellung ein Verlangen nach Vertragserf\u00fcllung vor Ablauf der R\u00fccktrittsfrist erkl\u00e4rt und der Unternehmer hierauf mit der Vertragserf\u00fcllung begonnen hat, so hat er dem Unternehmer einen Betrag zu zahlen, der im Vergleich zum vertraglich vereinbarten Gesamtpreis verh\u00e4ltnism\u00e4\u00dfig den vom Unternehmer bis zum R\u00fccktritt erbrachten Leistungen entspricht.&nbsp;<\/p>\n\n\n\n<p><strong>B. R\u00fccktrittsformular<\/strong><\/p>\n\n\n\n<p>Wenn Sie von diesem Vertrag zur\u00fccktreten wollen, dann f\u00fcllen Sie bitte dieses Formular aus und senden Sie es zur\u00fcck.<\/p>\n\n\n\n<p>Stammwerk e. U.<\/p>\n\n\n\n<p>Wegscheidstra\u00dfe 25<\/p>\n\n\n\n<p>5423 St. Koloman<\/p>\n\n\n\n<p><a href=\"mailto:office@stamm-werk.at\">office@stamm-werk.at<\/a><\/p>\n\n\n\n<p>+4367682468346<\/p>\n\n\n\n<p>Hiermit widerrufe(n) ich\/wir (*) den von mir\/uns (*) abgeschlossenen Vertrag \u00fcber den Kauf der folgenden Waren (*)\/die Erbringung der folgenden Dienstleistung (*)<\/p>\n\n\n\n<p>_______________________________________________________<\/p>\n\n\n\n<p>_______________________________________________________<\/p>\n\n\n\n<p>Bestellt am (*) ____________ \/ erhalten am (*) __________________<\/p>\n\n\n\n<p>________________________________________________________<br>Name des\/der Verbraucher(s)<\/p>\n\n\n\n<p>________________________________________________________<br>Anschrift des\/der Verbraucher(s)<\/p>\n\n\n\n<p>________________________________________________________<br>Unterschrift des\/der Verbraucher(s) (nur bei Mitteilung auf Papier)<\/p>\n\n\n\n<p>_________________________<br>Datum<\/p>\n\n\n\n<p>(*) Unzutreffendes streichen<\/p>\n","protected":false},"excerpt":{"rendered":"<p>R\u00fccktrittsbelehrung &amp; R\u00fccktritts(Widerrufs-)formular Verbrauchern mit Wohnsitz in der EU steht im Fernabsatz ein R\u00fccktrittsrecht nach folgender Ma\u00dfgabe zu, wobei Verbraucher jede nat\u00fcrliche Person ist, die ein Gesch\u00e4ft t\u00e4tigt, das nicht zum Betrieb ihres Unternehmens geh\u00f6rt. A. R\u00fccktrittsbelehrung R\u00fccktrittsrecht Sie haben das Recht, binnen vierzehn Tagen ohne Angabe von Gr\u00fcnden vom Vertrag zur\u00fcckzutreten&nbsp; Die R\u00fccktrittsfrist betr\u00e4gt [&hellip;]<\/p>\n","protected":false},"author":1,"featured_media":0,"parent":0,"menu_order":0,"comment_status":"closed","ping_status":"closed","template":"","meta":{"footnotes":""},"class_list":["post-14","page","type-page","status-publish","hentry"],"_links":{"self":[{"href":"https:\/\/www.stamm-werk.at\/shop\/index.php?rest_route=\/wp\/v2\/pages\/14","targetHints":{"allow":["GET"]}}],"collection":[{"href":"https:\/\/www.stamm-werk.at\/shop\/index.php?rest_route=\/wp\/v2\/pages"}],"about":[{"href":"https:\/\/www.stamm-werk.at\/shop\/index.php?rest_route=\/wp\/v2\/types\/page"}],"author":[{"embeddable":true,"href":"https:\/\/www.stamm-werk.at\/shop\/index.php?rest_route=\/wp\/v2\/users\/1"}],"replies":[{"embeddable":true,"href":"https:\/\/www.stamm-werk.at\/shop\/index.php?rest_route=%2Fwp%2Fv2%2Fcomments&post=14"}],"version-history":[{"count":0,"href":"https:\/\/www.stamm-werk.at\/shop\/index.php?rest_route=\/wp\/v2\/pages\/14\/revisions"}],"wp:attachment":[{"href":"https:\/\/www.stamm-werk.at\/shop\/index.php?rest_route=%2Fwp%2Fv2%2Fmedia&parent=14"}],"curies":[{"name":"wp","href":"https:\/\/api.w.org\/{rel}","templated":true}]}}