{"id":297,"date":"2026-04-18T10:43:21","date_gmt":"2026-04-18T08:43:21","guid":{"rendered":"https:\/\/www.stamm-werk.at\/shop\/?post_type=product&#038;p=297"},"modified":"2026-04-18T17:08:56","modified_gmt":"2026-04-18T15:08:56","slug":"schluesselanhaenger","status":"publish","type":"product","link":"https:\/\/www.stamm-werk.at\/shop\/?product=schluesselanhaenger","title":{"rendered":"Schl\u00fcsselanh\u00e4nger aus Eiche mit Lasergravur"},"content":{"rendered":"<p>Schl\u00fcsselanh\u00e4nger aus Eichenholz mit individueller Lasergravur &amp; Schl\u00fcsselring. Hochwertig und edel mit pers\u00f6nlicher Note.<\/p>\n","protected":false},"excerpt":{"rendered":"<p>Schl\u00fcsselanh\u00e4nger aus Eichenholz mit individueller Lasergravur &amp; Schl\u00fcsselring. Hochwertig und edel mit pers\u00f6nlicher Note.<\/p>\n<p>Ma\u00dfe: 60x14x4mm<\/p>\n","protected":false},"featured_media":298,"comment_status":"open","ping_status":"closed","template":"","meta":[],"product_brand":[],"product_cat":[46],"product_tag":[48,49,47],"class_list":{"0":"post-297","1":"product","2":"type-product","3":"status-publish","4":"has-post-thumbnail","6":"product_cat-schluesselanhaenger","7":"product_tag-eichenholz","8":"product_tag-lasergravur","9":"product_tag-schluesselanhaenger","11":"first","12":"instock","13":"purchasable","14":"product-type-simple"},"_links":{"self":[{"href":"https:\/\/www.stamm-werk.at\/shop\/index.php?rest_route=\/wp\/v2\/product\/297","targetHints":{"allow":["GET"]}}],"collection":[{"href":"https:\/\/www.stamm-werk.at\/shop\/index.php?rest_route=\/wp\/v2\/product"}],"about":[{"href":"https:\/\/www.stamm-werk.at\/shop\/index.php?rest_route=\/wp\/v2\/types\/product"}],"replies":[{"embeddable":true,"href":"https:\/\/www.stamm-werk.at\/shop\/index.php?rest_route=%2Fwp%2Fv2%2Fcomments&post=297"}],"wp:featuredmedia":[{"embeddable":true,"href":"https:\/\/www.stamm-werk.at\/shop\/index.php?rest_route=\/wp\/v2\/media\/298"}],"wp:attachment":[{"href":"https:\/\/www.stamm-werk.at\/shop\/index.php?rest_route=%2Fwp%2Fv2%2Fmedia&parent=297"}],"wp:term":[{"taxonomy":"product_brand","embeddable":true,"href":"https:\/\/www.stamm-werk.at\/shop\/index.php?rest_route=%2Fwp%2Fv2%2Fproduct_brand&post=297"},{"taxonomy":"product_cat","embeddable":true,"href":"https:\/\/www.stamm-werk.at\/shop\/index.php?rest_route=%2Fwp%2Fv2%2Fproduct_cat&post=297"},{"taxonomy":"product_tag","embeddable":true,"href":"https:\/\/www.stamm-werk.at\/shop\/index.php?rest_route=%2Fwp%2Fv2%2Fproduct_tag&post=297"}],"curies":[{"name":"wp","href":"https:\/\/api.w.org\/{rel}","templated":true}]}}