{"id":94,"date":"2024-04-12T14:19:59","date_gmt":"2024-04-12T12:19:59","guid":{"rendered":"https:\/\/www.stamm-werk.at\/shop\/?post_type=product&#038;p=94"},"modified":"2026-04-18T17:07:50","modified_gmt":"2026-04-18T15:07:50","slug":"liege","status":"publish","type":"product","link":"https:\/\/www.stamm-werk.at\/shop\/?product=liege","title":{"rendered":"Liege aus L\u00e4rchenholz"},"content":{"rendered":"<p>Diese langlebigen und wetterbest\u00e4ndigen Liegen aus L\u00e4rche kombinieren schlichte Eleganz mit funktionalem Design und eignen sich hervorragend f\u00fcr private wie gewerbliche Au\u00dfenbereiche. Entdecken Sie Komfort und Stil, \u00fcberall und jederzeit.<\/p>\n<p>Breite: 1,30m<\/p>\n","protected":false},"excerpt":{"rendered":"<p>Diese langlebigen und wetterbest\u00e4ndigen Liegen aus L\u00e4rche kombinieren schlichte Eleganz mit funktionalem Design und eignen sich hervorragend f\u00fcr private wie gewerbliche Au\u00dfenbereiche. Entdecken Sie Komfort und Stil, \u00fcberall und jederzeit.<\/p>\n<p>Breite: 1,30m<\/p>\n","protected":false},"featured_media":114,"comment_status":"open","ping_status":"closed","template":"","meta":[],"product_brand":[],"product_cat":[36],"product_tag":[],"class_list":{"0":"post-94","1":"product","2":"type-product","3":"status-publish","4":"has-post-thumbnail","6":"product_cat-liegen","8":"first","9":"instock","10":"purchasable","11":"product-type-simple"},"_links":{"self":[{"href":"https:\/\/www.stamm-werk.at\/shop\/index.php?rest_route=\/wp\/v2\/product\/94","targetHints":{"allow":["GET"]}}],"collection":[{"href":"https:\/\/www.stamm-werk.at\/shop\/index.php?rest_route=\/wp\/v2\/product"}],"about":[{"href":"https:\/\/www.stamm-werk.at\/shop\/index.php?rest_route=\/wp\/v2\/types\/product"}],"replies":[{"embeddable":true,"href":"https:\/\/www.stamm-werk.at\/shop\/index.php?rest_route=%2Fwp%2Fv2%2Fcomments&post=94"}],"wp:featuredmedia":[{"embeddable":true,"href":"https:\/\/www.stamm-werk.at\/shop\/index.php?rest_route=\/wp\/v2\/media\/114"}],"wp:attachment":[{"href":"https:\/\/www.stamm-werk.at\/shop\/index.php?rest_route=%2Fwp%2Fv2%2Fmedia&parent=94"}],"wp:term":[{"taxonomy":"product_brand","embeddable":true,"href":"https:\/\/www.stamm-werk.at\/shop\/index.php?rest_route=%2Fwp%2Fv2%2Fproduct_brand&post=94"},{"taxonomy":"product_cat","embeddable":true,"href":"https:\/\/www.stamm-werk.at\/shop\/index.php?rest_route=%2Fwp%2Fv2%2Fproduct_cat&post=94"},{"taxonomy":"product_tag","embeddable":true,"href":"https:\/\/www.stamm-werk.at\/shop\/index.php?rest_route=%2Fwp%2Fv2%2Fproduct_tag&post=94"}],"curies":[{"name":"wp","href":"https:\/\/api.w.org\/{rel}","templated":true}]}}